{"id":16875,"date":"2025-01-19T16:14:13","date_gmt":"2025-01-19T15:14:13","guid":{"rendered":"https:\/\/fredloc36.com\/?page_id=16875"},"modified":"2026-01-30T18:47:26","modified_gmt":"2026-01-30T17:47:26","slug":"aucun-titre","status":"publish","type":"page","link":"https:\/\/fredloc36.com\/","title":{"rendered":""},"content":{"rendered":"\n<div class=\"wp-block-group alignfull has-global-padding is-content-justification-center is-layout-constrained wp-container-core-group-is-layout-df757ecc wp-block-group-is-layout-constrained\" style=\"margin-top:0;margin-bottom:0;padding-top:calc( 0.5 * var(--wp--style--root--padding-right, var(--wp--custom--gap--horizontal)));padding-right:var(--wp--style--root--padding-right, var(--wp--custom--gap--horizontal));padding-bottom:calc( 0.5 * var(--wp--style--root--padding-right, var(--wp--custom--gap--horizontal)));padding-left:var(--wp--style--root--padding-left, var(--wp--custom--gap--horizontal))\">\n<div class=\"wp-block-columns alignwide is-layout-flex wp-container-core-columns-is-layout-549b0c86 wp-block-columns-is-layout-flex\">\n<div class=\"wp-block-column is-layout-flow wp-block-column-is-layout-flow\">\n<figure class=\"wp-block-image aligncenter size-full\"><img loading=\"lazy\" decoding=\"async\" width=\"530\" height=\"530\" src=\"https:\/\/fredloc36.com\/wp-content\/uploads\/2022\/10\/Logo.png\" alt=\"Loge Fred'loc\" class=\"wp-image-93\" srcset=\"https:\/\/fredloc36.com\/wp-content\/uploads\/2022\/10\/Logo.png 530w, https:\/\/fredloc36.com\/wp-content\/uploads\/2022\/10\/Logo-300x300.png 300w, https:\/\/fredloc36.com\/wp-content\/uploads\/2022\/10\/Logo-100x100.png 100w, https:\/\/fredloc36.com\/wp-content\/uploads\/2022\/10\/Logo-150x150.png 150w\" sizes=\"auto, (max-width: 530px) 100vw, 530px\" \/><\/figure>\n<\/div>\n\n\n\n<div class=\"wp-block-column is-vertically-aligned-center is-layout-flow wp-block-column-is-layout-flow\">\n<h3 class=\"wp-block-heading has-text-align-center is-service-name has-medium-font-size\" style=\"font-style:normal;font-weight:700\">NOUS CONTACTER<\/h3>\n\n\n\n<p class=\"has-text-align-center is-service-description\"><a href=\"mailto:fredloc36@gmail.com\">fredloc36@gmail.com<\/a><\/p>\n\n\n\n<p class=\"has-text-align-center\">06 75 89 00 04 &#8211; 06 82 89 52 38<\/p>\n\n\n\n<p class=\"has-text-align-center\">36290 &#8211; AZAY LE FERRON<\/p>\n<\/div>\n\n\n\n<div class=\"wp-block-column is-vertically-aligned-center is-layout-flow wp-block-column-is-layout-flow\"><form role=\"search\" method=\"get\" action=\"https:\/\/fredloc36.com\/\" class=\"wp-block-search__button-outside wp-block-search__icon-button wp-block-search\"    ><label class=\"wp-block-search__label screen-reader-text\" for=\"wp-block-search__input-1\" >Recherche<\/label><div class=\"wp-block-search__inside-wrapper\" ><input class=\"wp-block-search__input\" id=\"wp-block-search__input-1\" placeholder=\"Recherche de produits\u2026\" value=\"\" type=\"search\" name=\"s\" required \/><input type=\"hidden\" name=\"post_type\" value=\"product\" \/><button aria-label=\"Recherche\" class=\"wp-block-search__button has-icon wp-element-button\" type=\"submit\" ><svg class=\"search-icon\" viewBox=\"0 0 24 24\" width=\"24\" height=\"24\">\n\t\t\t\t\t<path d=\"M13 5c-3.3 0-6 2.7-6 6 0 1.4.5 2.7 1.3 3.7l-3.8 3.8 1.1 1.1 3.8-3.8c1 .8 2.3 1.3 3.7 1.3 3.3 0 6-2.7 6-6S16.3 5 13 5zm0 10.5c-2.5 0-4.5-2-4.5-4.5s2-4.5 4.5-4.5 4.5 2 4.5 4.5-2 4.5-4.5 4.5z\"><\/path>\n\t\t\t\t<\/svg><\/button><\/div><\/form><\/div>\n<\/div>\n\n\n\n<div style=\"height:calc( 0.25 * var(--wp--style--root--padding-right, var(--wp--custom--gap--horizontal)))\" aria-hidden=\"true\" class=\"wp-block-spacer\"><\/div>\n<\/div>\n\n\n\n<div class=\"wp-block-group has-global-padding is-layout-constrained wp-block-group-is-layout-constrained\">\n<div class=\"wp-block-columns is-layout-flex wp-container-core-columns-is-layout-28f84493 wp-block-columns-is-layout-flex\">\n<div class=\"wp-block-column is-layout-flow wp-block-column-is-layout-flow\">\n<details class=\"wp-block-details is-layout-flow wp-block-details-is-layout-flow\"><summary>MOBILIER<\/summary>\n<p><a href=\"https:\/\/fredloc36.com\/index.php\/produit\/location-mange-debout-avec-housses\/\">Mange-debout<\/a><br><a href=\"https:\/\/fredloc36.com\/index.php\/produit\/location-tables-rondes-blanches\/\">Tables rondes<\/a><br><a href=\"https:\/\/fredloc36.com\/index.php\/produit\/location-tables-rectangulaires-blanches\/\">Tables rectangles<\/a><br><a href=\"https:\/\/fredloc36.com\/index.php\/produit\/location-chaises-miami-blanches\/\">Chaises<\/a><br><a href=\"https:\/\/fredloc36.com\/index.php\/produit\/tabourets-mange-debouts\/\">Tabourets<\/a><\/p>\n<\/details>\n<\/div>\n\n\n\n<div class=\"wp-block-column is-layout-flow wp-block-column-is-layout-flow\">\n<details class=\"wp-block-details is-layout-flow wp-block-details-is-layout-flow\"><summary>TONNELLES<\/summary>\n<p>6 x 3<br>3 x 3<\/p>\n<\/details>\n<\/div>\n\n\n\n<div class=\"wp-block-column is-layout-flow wp-block-column-is-layout-flow\">\n<details class=\"wp-block-details is-layout-flow wp-block-details-is-layout-flow\"><summary>SON &#8211; LUMIERES &#8211; IMAGE<\/summary>\n<p>Enceinte Boze<br>Enceinte LD<br>Livre d&rsquo;or AUDIO<br>MAchine \u00e0 fum\u00e9e<br>Lumi\u00e8res sur pied<br>Lumi\u00e8res spot<br>Guirlandes\/lampions<br>Vid\u00e9o-projecteur<\/p>\n<\/details>\n<\/div>\n\n\n\n<div class=\"wp-block-column is-layout-flow wp-block-column-is-layout-flow\">\n<details class=\"wp-block-details is-layout-flow wp-block-details-is-layout-flow\"><summary>DECO \/ BUFFET<\/summary>\n<p>Nappes<br>Serviettes<br>Fontaine \u00e0 punch<\/p>\n<\/details>\n<\/div>\n\n\n\n<div class=\"wp-block-column is-layout-flow wp-block-column-is-layout-flow\">\n<details class=\"wp-block-details is-layout-flow wp-block-details-is-layout-flow\"><summary>MEUBLES \/ DECOS<\/summary>\n<p>Candy Bar<br>Tonneaux<br>Escabeau\/Echelle<\/p>\n<\/details>\n<\/div>\n<\/div>\n\n\n\n<div style=\"height:calc( 0.25 * var(--wp--style--root--padding-right, var(--wp--custom--gap--horizontal)))\" aria-hidden=\"true\" class=\"wp-block-spacer\"><\/div>\n<\/div>\n\n\n\n<div class=\"wp-block-group has-global-padding is-layout-constrained wp-block-group-is-layout-constrained\">\n<div class=\"wp-block-columns is-layout-flex wp-container-core-columns-is-layout-28f84493 wp-block-columns-is-layout-flex\">\n<div class=\"wp-block-column is-layout-flow wp-block-column-is-layout-flow\">\n<figure class=\"wp-block-gallery has-nested-images columns-default is-cropped wp-block-gallery-2 is-layout-flex wp-block-gallery-is-layout-flex\">\n<figure class=\"wp-block-image size-large\"><img loading=\"lazy\" decoding=\"async\" width=\"1024\" height=\"682\" data-id=\"16885\" src=\"https:\/\/fredloc36.com\/wp-content\/uploads\/2025\/01\/002-1024x682.png\" alt=\"\" class=\"wp-image-16885\" srcset=\"https:\/\/fredloc36.com\/wp-content\/uploads\/2025\/01\/002-1024x682.png 1024w, https:\/\/fredloc36.com\/wp-content\/uploads\/2025\/01\/002-300x200.png 300w, https:\/\/fredloc36.com\/wp-content\/uploads\/2025\/01\/002-768x512.png 768w, https:\/\/fredloc36.com\/wp-content\/uploads\/2025\/01\/002-1536x1023.png 1536w, https:\/\/fredloc36.com\/wp-content\/uploads\/2025\/01\/002-600x400.png 600w, https:\/\/fredloc36.com\/wp-content\/uploads\/2025\/01\/002.png 1684w\" sizes=\"auto, (max-width: 1024px) 100vw, 1024px\" \/><\/figure>\n\n\n\n<figure class=\"wp-block-image size-large\"><img loading=\"lazy\" decoding=\"async\" width=\"768\" height=\"1024\" data-id=\"16882\" src=\"https:\/\/fredloc36.com\/wp-content\/uploads\/2025\/01\/005-768x1024.png\" alt=\"\" class=\"wp-image-16882\" srcset=\"https:\/\/fredloc36.com\/wp-content\/uploads\/2025\/01\/005-768x1023.png 768w, https:\/\/fredloc36.com\/wp-content\/uploads\/2025\/01\/005-225x300.png 225w, https:\/\/fredloc36.com\/wp-content\/uploads\/2025\/01\/005-600x800.png 600w, https:\/\/fredloc36.com\/wp-content\/uploads\/2025\/01\/005.png 830w\" sizes=\"auto, (max-width: 768px) 100vw, 768px\" \/><\/figure>\n\n\n\n<figure class=\"wp-block-image size-large\"><img loading=\"lazy\" decoding=\"async\" width=\"1024\" height=\"1024\" data-id=\"16883\" src=\"https:\/\/fredloc36.com\/wp-content\/uploads\/2025\/01\/004-1024x1024.png\" alt=\"\" class=\"wp-image-16883\" srcset=\"https:\/\/fredloc36.com\/wp-content\/uploads\/2025\/01\/004-1024x1024.png 1024w, https:\/\/fredloc36.com\/wp-content\/uploads\/2025\/01\/004-300x300.png 300w, https:\/\/fredloc36.com\/wp-content\/uploads\/2025\/01\/004-150x150.png 150w, https:\/\/fredloc36.com\/wp-content\/uploads\/2025\/01\/004-768x768.png 768w, https:\/\/fredloc36.com\/wp-content\/uploads\/2025\/01\/004-600x600.png 600w, https:\/\/fredloc36.com\/wp-content\/uploads\/2025\/01\/004-100x100.png 100w, https:\/\/fredloc36.com\/wp-content\/uploads\/2025\/01\/004.png 1238w\" sizes=\"auto, (max-width: 1024px) 100vw, 1024px\" \/><\/figure>\n\n\n\n<figure class=\"wp-block-image size-large\"><img loading=\"lazy\" decoding=\"async\" width=\"769\" height=\"1024\" data-id=\"16884\" src=\"https:\/\/fredloc36.com\/wp-content\/uploads\/2025\/01\/003-769x1024.png\" alt=\"\" class=\"wp-image-16884\" srcset=\"https:\/\/fredloc36.com\/wp-content\/uploads\/2025\/01\/003-769x1024.png 769w, https:\/\/fredloc36.com\/wp-content\/uploads\/2025\/01\/003-225x300.png 225w, https:\/\/fredloc36.com\/wp-content\/uploads\/2025\/01\/003-768x1022.png 768w, https:\/\/fredloc36.com\/wp-content\/uploads\/2025\/01\/003-600x799.png 600w, https:\/\/fredloc36.com\/wp-content\/uploads\/2025\/01\/003.png 840w\" sizes=\"auto, (max-width: 769px) 100vw, 769px\" \/><\/figure>\n\n\n\n<figure class=\"wp-block-image size-large\"><img loading=\"lazy\" decoding=\"async\" width=\"894\" height=\"668\" data-id=\"16886\" src=\"https:\/\/fredloc36.com\/wp-content\/uploads\/2025\/01\/001.png\" alt=\"\" class=\"wp-image-16886\" srcset=\"https:\/\/fredloc36.com\/wp-content\/uploads\/2025\/01\/001.png 894w, https:\/\/fredloc36.com\/wp-content\/uploads\/2025\/01\/001-300x224.png 300w, https:\/\/fredloc36.com\/wp-content\/uploads\/2025\/01\/001-768x574.png 768w, https:\/\/fredloc36.com\/wp-content\/uploads\/2025\/01\/001-600x448.png 600w\" sizes=\"auto, (max-width: 894px) 100vw, 894px\" \/><\/figure>\n<\/figure>\n<\/div>\n\n\n\n<div class=\"wp-block-column is-layout-flow wp-block-column-is-layout-flow\" style=\"flex-basis:30px\"><\/div>\n\n\n\n<div class=\"wp-block-column is-vertically-aligned-center is-layout-flow wp-block-column-is-layout-flow\">\n<h2 class=\"wp-block-heading has-text-align-center\" style=\"border-width:2px\">Nouveaut\u00e9s !!!<\/h2>\n\n\n\n<figure class=\"wp-block-gallery has-nested-images columns-default is-cropped wp-block-gallery-3 is-layout-flex wp-block-gallery-is-layout-flex\">\n<figure class=\"wp-block-image size-large\"><img loading=\"lazy\" decoding=\"async\" width=\"1024\" height=\"769\" data-id=\"16881\" src=\"https:\/\/fredloc36.com\/wp-content\/uploads\/2025\/01\/love-1024x769.png\" alt=\"\" class=\"wp-image-16881\" srcset=\"https:\/\/fredloc36.com\/wp-content\/uploads\/2025\/01\/love-1024x769.png 1024w, https:\/\/fredloc36.com\/wp-content\/uploads\/2025\/01\/love-300x225.png 300w, https:\/\/fredloc36.com\/wp-content\/uploads\/2025\/01\/love-768x576.png 768w, https:\/\/fredloc36.com\/wp-content\/uploads\/2025\/01\/love-1536x1153.png 1536w, https:\/\/fredloc36.com\/wp-content\/uploads\/2025\/01\/love-600x450.png 600w, https:\/\/fredloc36.com\/wp-content\/uploads\/2025\/01\/love.png 1684w\" sizes=\"auto, (max-width: 1024px) 100vw, 1024px\" \/><\/figure>\n\n\n\n<figure class=\"wp-block-image size-full\"><img loading=\"lazy\" decoding=\"async\" width=\"546\" height=\"507\" data-id=\"18256\" src=\"https:\/\/fredloc36.com\/wp-content\/uploads\/2026\/01\/Livre-audio.jpg\" alt=\"Livre or audio 2\" class=\"wp-image-18256\" srcset=\"https:\/\/fredloc36.com\/wp-content\/uploads\/2026\/01\/Livre-audio.jpg 546w, https:\/\/fredloc36.com\/wp-content\/uploads\/2026\/01\/Livre-audio-300x279.jpg 300w\" sizes=\"auto, (max-width: 546px) 100vw, 546px\" \/><\/figure>\n<\/figure>\n<\/div>\n<\/div>\n\n\n\n<div style=\"height:calc( 0.25 * var(--wp--style--root--padding-right, var(--wp--custom--gap--horizontal)))\" aria-hidden=\"true\" class=\"wp-block-spacer\"><\/div>\n<\/div>\n\n\n\n<div class=\"wp-block-group has-global-padding is-layout-constrained wp-block-group-is-layout-constrained\">\n<h2 class=\"wp-block-heading\"><strong>Location de&nbsp;mat\u00e9riel&nbsp;\u00e9v\u00e8nementiel<\/strong><\/h2>\n\n\n\n<p><em>Recevez vos amis, vos convives pour un anniversaire, un mariage,&nbsp;garden-party, vin d\u2019honneur, r\u00e9veillons ou toutes autres f\u00eates<\/em><\/p>\n<\/div>\n","protected":false},"excerpt":{"rendered":"<p>NOUS CONTACTER fredloc36@gmail.com 06 75 89 00 04 &#8211; 06 82 89 52 38 36290 &#8211; AZAY LE FERRON Nouveaut\u00e9s !!! Location de&nbsp;mat\u00e9riel&nbsp;\u00e9v\u00e8nementiel Recevez vos amis, vos convives pour un anniversaire, un mariage,&nbsp;garden-party, vin d\u2019honneur, r\u00e9veillons ou toutes autres f\u00eates<\/p>\n","protected":false},"author":1,"featured_media":0,"parent":0,"menu_order":0,"comment_status":"closed","ping_status":"closed","template":"","meta":{"footnotes":""},"class_list":["post-16875","page","type-page","status-publish","hentry"],"yoast_head":"<!-- This site is optimized with the Yoast SEO plugin v27.4 - https:\/\/yoast.com\/product\/yoast-seo-wordpress\/ -->\n<title>- Fred\u2019loc 36<\/title>\n<meta name=\"description\" content=\"Location de mat\u00e9riel \u00e9v\u00e8nementiel - Fred\u2019loc 36 - Recevez vos amis, vos convives pour un anniversaire, un mariage, garden-party, vin d\u2019honneur, r\u00e9veillons ou toutes autres f\u00eates\" \/>\n<meta name=\"robots\" content=\"index, follow, max-snippet:-1, max-image-preview:large, max-video-preview:-1\" \/>\n<link rel=\"canonical\" href=\"https:\/\/fredloc36.com\/\" \/>\n<meta property=\"og:locale\" content=\"fr_FR\" \/>\n<meta property=\"og:type\" content=\"article\" \/>\n<meta property=\"og:title\" content=\"- Fred\u2019loc 36\" \/>\n<meta property=\"og:description\" content=\"Location de mat\u00e9riel \u00e9v\u00e8nementiel - Fred\u2019loc 36 - Recevez vos amis, vos convives pour un anniversaire, un mariage, garden-party, vin d\u2019honneur, r\u00e9veillons ou toutes autres f\u00eates\" \/>\n<meta property=\"og:url\" content=\"https:\/\/fredloc36.com\/\" \/>\n<meta property=\"og:site_name\" content=\"Fred\u2019loc 36\" \/>\n<meta property=\"article:publisher\" content=\"https:\/\/www.facebook.com\/fredamelie\" \/>\n<meta property=\"article:modified_time\" content=\"2026-01-30T17:47:26+00:00\" \/>\n<meta property=\"og:image\" content=\"https:\/\/fredloc36.com\/wp-content\/uploads\/2022\/10\/Logo.png\" \/>\n\t<meta property=\"og:image:width\" content=\"530\" \/>\n\t<meta property=\"og:image:height\" content=\"530\" \/>\n\t<meta property=\"og:image:type\" content=\"image\/png\" \/>\n<meta name=\"twitter:card\" content=\"summary_large_image\" \/>\n<meta name=\"twitter:label1\" content=\"Dur\u00e9e de lecture estim\u00e9e\" \/>\n\t<meta name=\"twitter:data1\" content=\"3 minutes\" \/>\n<script type=\"application\/ld+json\" class=\"yoast-schema-graph\">{\"@context\":\"https:\\\/\\\/schema.org\",\"@graph\":[{\"@type\":\"WebPage\",\"@id\":\"https:\\\/\\\/fredloc36.com\\\/\",\"url\":\"https:\\\/\\\/fredloc36.com\\\/\",\"name\":\"- Fred\u2019loc 36\",\"isPartOf\":{\"@id\":\"https:\\\/\\\/fredloc36.com\\\/#website\"},\"primaryImageOfPage\":{\"@id\":\"https:\\\/\\\/fredloc36.com\\\/#primaryimage\"},\"image\":{\"@id\":\"https:\\\/\\\/fredloc36.com\\\/#primaryimage\"},\"thumbnailUrl\":\"https:\\\/\\\/fredloc36.com\\\/wp-content\\\/uploads\\\/2022\\\/10\\\/Logo.png\",\"datePublished\":\"2025-01-19T15:14:13+00:00\",\"dateModified\":\"2026-01-30T17:47:26+00:00\",\"description\":\"Location de mat\u00e9riel \u00e9v\u00e8nementiel - Fred\u2019loc 36 - Recevez vos amis, vos convives pour un anniversaire, un mariage, garden-party, vin d\u2019honneur, r\u00e9veillons ou toutes autres f\u00eates\",\"inLanguage\":\"fr-FR\",\"potentialAction\":[{\"@type\":\"ReadAction\",\"target\":[\"https:\\\/\\\/fredloc36.com\\\/\"]}]},{\"@type\":\"ImageObject\",\"inLanguage\":\"fr-FR\",\"@id\":\"https:\\\/\\\/fredloc36.com\\\/#primaryimage\",\"url\":\"https:\\\/\\\/fredloc36.com\\\/wp-content\\\/uploads\\\/2022\\\/10\\\/Logo.png\",\"contentUrl\":\"https:\\\/\\\/fredloc36.com\\\/wp-content\\\/uploads\\\/2022\\\/10\\\/Logo.png\",\"width\":530,\"height\":530,\"caption\":\"Loge Fred'loc\"},{\"@type\":\"WebSite\",\"@id\":\"https:\\\/\\\/fredloc36.com\\\/#website\",\"url\":\"https:\\\/\\\/fredloc36.com\\\/\",\"name\":\"Fred\u2019loc 36\",\"description\":\"Location de materiel\",\"publisher\":{\"@id\":\"https:\\\/\\\/fredloc36.com\\\/#organization\"},\"alternateName\":\"Fred'loc\",\"potentialAction\":[{\"@type\":\"SearchAction\",\"target\":{\"@type\":\"EntryPoint\",\"urlTemplate\":\"https:\\\/\\\/fredloc36.com\\\/?s={search_term_string}\"},\"query-input\":{\"@type\":\"PropertyValueSpecification\",\"valueRequired\":true,\"valueName\":\"search_term_string\"}}],\"inLanguage\":\"fr-FR\"},{\"@type\":\"Organization\",\"@id\":\"https:\\\/\\\/fredloc36.com\\\/#organization\",\"name\":\"Fred\u2019loc 36\",\"alternateName\":\"Fredloc\",\"url\":\"https:\\\/\\\/fredloc36.com\\\/\",\"logo\":{\"@type\":\"ImageObject\",\"inLanguage\":\"fr-FR\",\"@id\":\"https:\\\/\\\/fredloc36.com\\\/#\\\/schema\\\/logo\\\/image\\\/\",\"url\":\"https:\\\/\\\/fredloc36.com\\\/wp-content\\\/uploads\\\/2022\\\/10\\\/Logo.png\",\"contentUrl\":\"https:\\\/\\\/fredloc36.com\\\/wp-content\\\/uploads\\\/2022\\\/10\\\/Logo.png\",\"width\":530,\"height\":530,\"caption\":\"Fred\u2019loc 36\"},\"image\":{\"@id\":\"https:\\\/\\\/fredloc36.com\\\/#\\\/schema\\\/logo\\\/image\\\/\"},\"sameAs\":[\"https:\\\/\\\/www.facebook.com\\\/fredamelie\"]}]}<\/script>\n<!-- \/ Yoast SEO plugin. -->","yoast_head_json":{"title":"- Fred\u2019loc 36","description":"Location de mat\u00e9riel \u00e9v\u00e8nementiel - Fred\u2019loc 36 - Recevez vos amis, vos convives pour un anniversaire, un mariage, garden-party, vin d\u2019honneur, r\u00e9veillons ou toutes autres f\u00eates","robots":{"index":"index","follow":"follow","max-snippet":"max-snippet:-1","max-image-preview":"max-image-preview:large","max-video-preview":"max-video-preview:-1"},"canonical":"https:\/\/fredloc36.com\/","og_locale":"fr_FR","og_type":"article","og_title":"- Fred\u2019loc 36","og_description":"Location de mat\u00e9riel \u00e9v\u00e8nementiel - Fred\u2019loc 36 - Recevez vos amis, vos convives pour un anniversaire, un mariage, garden-party, vin d\u2019honneur, r\u00e9veillons ou toutes autres f\u00eates","og_url":"https:\/\/fredloc36.com\/","og_site_name":"Fred\u2019loc 36","article_publisher":"https:\/\/www.facebook.com\/fredamelie","article_modified_time":"2026-01-30T17:47:26+00:00","og_image":[{"width":530,"height":530,"url":"https:\/\/fredloc36.com\/wp-content\/uploads\/2022\/10\/Logo.png","type":"image\/png"}],"twitter_card":"summary_large_image","twitter_misc":{"Dur\u00e9e de lecture estim\u00e9e":"3 minutes"},"schema":{"@context":"https:\/\/schema.org","@graph":[{"@type":"WebPage","@id":"https:\/\/fredloc36.com\/","url":"https:\/\/fredloc36.com\/","name":"- Fred\u2019loc 36","isPartOf":{"@id":"https:\/\/fredloc36.com\/#website"},"primaryImageOfPage":{"@id":"https:\/\/fredloc36.com\/#primaryimage"},"image":{"@id":"https:\/\/fredloc36.com\/#primaryimage"},"thumbnailUrl":"https:\/\/fredloc36.com\/wp-content\/uploads\/2022\/10\/Logo.png","datePublished":"2025-01-19T15:14:13+00:00","dateModified":"2026-01-30T17:47:26+00:00","description":"Location de mat\u00e9riel \u00e9v\u00e8nementiel - Fred\u2019loc 36 - Recevez vos amis, vos convives pour un anniversaire, un mariage, garden-party, vin d\u2019honneur, r\u00e9veillons ou toutes autres f\u00eates","inLanguage":"fr-FR","potentialAction":[{"@type":"ReadAction","target":["https:\/\/fredloc36.com\/"]}]},{"@type":"ImageObject","inLanguage":"fr-FR","@id":"https:\/\/fredloc36.com\/#primaryimage","url":"https:\/\/fredloc36.com\/wp-content\/uploads\/2022\/10\/Logo.png","contentUrl":"https:\/\/fredloc36.com\/wp-content\/uploads\/2022\/10\/Logo.png","width":530,"height":530,"caption":"Loge Fred'loc"},{"@type":"WebSite","@id":"https:\/\/fredloc36.com\/#website","url":"https:\/\/fredloc36.com\/","name":"Fred\u2019loc 36","description":"Location de materiel","publisher":{"@id":"https:\/\/fredloc36.com\/#organization"},"alternateName":"Fred'loc","potentialAction":[{"@type":"SearchAction","target":{"@type":"EntryPoint","urlTemplate":"https:\/\/fredloc36.com\/?s={search_term_string}"},"query-input":{"@type":"PropertyValueSpecification","valueRequired":true,"valueName":"search_term_string"}}],"inLanguage":"fr-FR"},{"@type":"Organization","@id":"https:\/\/fredloc36.com\/#organization","name":"Fred\u2019loc 36","alternateName":"Fredloc","url":"https:\/\/fredloc36.com\/","logo":{"@type":"ImageObject","inLanguage":"fr-FR","@id":"https:\/\/fredloc36.com\/#\/schema\/logo\/image\/","url":"https:\/\/fredloc36.com\/wp-content\/uploads\/2022\/10\/Logo.png","contentUrl":"https:\/\/fredloc36.com\/wp-content\/uploads\/2022\/10\/Logo.png","width":530,"height":530,"caption":"Fred\u2019loc 36"},"image":{"@id":"https:\/\/fredloc36.com\/#\/schema\/logo\/image\/"},"sameAs":["https:\/\/www.facebook.com\/fredamelie"]}]}},"_links":{"self":[{"href":"https:\/\/fredloc36.com\/index.php\/wp-json\/wp\/v2\/pages\/16875","targetHints":{"allow":["GET"]}}],"collection":[{"href":"https:\/\/fredloc36.com\/index.php\/wp-json\/wp\/v2\/pages"}],"about":[{"href":"https:\/\/fredloc36.com\/index.php\/wp-json\/wp\/v2\/types\/page"}],"author":[{"embeddable":true,"href":"https:\/\/fredloc36.com\/index.php\/wp-json\/wp\/v2\/users\/1"}],"replies":[{"embeddable":true,"href":"https:\/\/fredloc36.com\/index.php\/wp-json\/wp\/v2\/comments?post=16875"}],"version-history":[{"count":6,"href":"https:\/\/fredloc36.com\/index.php\/wp-json\/wp\/v2\/pages\/16875\/revisions"}],"predecessor-version":[{"id":18260,"href":"https:\/\/fredloc36.com\/index.php\/wp-json\/wp\/v2\/pages\/16875\/revisions\/18260"}],"wp:attachment":[{"href":"https:\/\/fredloc36.com\/index.php\/wp-json\/wp\/v2\/media?parent=16875"}],"curies":[{"name":"wp","href":"https:\/\/api.w.org\/{rel}","templated":true}]}}