{"id":173,"date":"2022-10-25T16:23:42","date_gmt":"2022-10-25T14:23:42","guid":{"rendered":"https:\/\/fredloc36.com\/?page_id=173"},"modified":"2022-11-19T23:28:51","modified_gmt":"2022-11-19T22:28:51","slug":"contact","status":"publish","type":"page","link":"https:\/\/fredloc36.com\/index.php\/contact\/","title":{"rendered":""},"content":{"rendered":"\n\n\n<div class=\"wp-block-cover has-custom-content-position is-position-top-center\" style=\"min-height:340px;aspect-ratio:unset;\"><span aria-hidden=\"true\" class=\"wp-block-cover__background has-background-dim\"><\/span><img loading=\"lazy\" decoding=\"async\" width=\"971\" height=\"546\" class=\"wp-block-cover__image-background wp-image-126\" alt=\"\" src=\"https:\/\/fredloc36.com\/wp-content\/uploads\/2022\/10\/image0000011-edited.jpg\" data-object-fit=\"cover\" srcset=\"https:\/\/fredloc36.com\/wp-content\/uploads\/2022\/10\/image0000011-edited.jpg 971w, https:\/\/fredloc36.com\/wp-content\/uploads\/2022\/10\/image0000011-edited-600x337.jpg 600w, https:\/\/fredloc36.com\/wp-content\/uploads\/2022\/10\/image0000011-edited-300x169.jpg 300w, https:\/\/fredloc36.com\/wp-content\/uploads\/2022\/10\/image0000011-edited-768x432.jpg 768w\" sizes=\"auto, (max-width: 971px) 100vw, 971px\" \/><div class=\"wp-block-cover__inner-container is-layout-flow wp-block-cover-is-layout-flow\">\n<figure class=\"wp-block-image aligncenter size-full is-resized\"><a href=\"https:\/\/fredloc36.com\/\"><img loading=\"lazy\" decoding=\"async\" src=\"https:\/\/fredloc36.com\/wp-content\/uploads\/2022\/11\/Logo_fredloc36.png\" alt=\"Logo fredloc36\" class=\"wp-image-257\" width=\"200\" height=\"200\" srcset=\"https:\/\/fredloc36.com\/wp-content\/uploads\/2022\/11\/Logo_fredloc36.png 436w, https:\/\/fredloc36.com\/wp-content\/uploads\/2022\/11\/Logo_fredloc36-300x300.png 300w, https:\/\/fredloc36.com\/wp-content\/uploads\/2022\/11\/Logo_fredloc36-150x150.png 150w, https:\/\/fredloc36.com\/wp-content\/uploads\/2022\/11\/Logo_fredloc36-100x100.png 100w\" sizes=\"auto, (max-width: 200px) 100vw, 200px\" \/><\/a><\/figure>\n\n\n\n<h2 class=\"has-text-align-center wp-block-heading\">Location de mat\u00e9riel \u00e9v\u00e8nementiel <\/h2>\n\n\n\n<h3 class=\"has-text-align-center wp-block-heading\"><em>Recevez vos amis, vos convives pour un anniversaire, un mariage,&nbsp;garden-party, vin d\u2019honneur, r\u00e9veillons ou toutes autres f\u00eates<\/em><\/h3>\n<\/div><\/div>\n\n\n\n<h2 class=\"wp-block-heading\">Formulaire de contact<\/h2>\n\n\n\n<div class=\"wp-block-contact-form-7-contact-form-selector\">\n<div class=\"wpcf7 no-js\" id=\"wpcf7-f175-o1\" lang=\"fr-FR\" dir=\"ltr\" data-wpcf7-id=\"175\">\n<div class=\"screen-reader-response\"><p role=\"status\" aria-live=\"polite\" aria-atomic=\"true\"><\/p> <ul><\/ul><\/div>\n<form action=\"\/index.php\/wp-json\/wp\/v2\/pages\/173#wpcf7-f175-o1\" method=\"post\" class=\"wpcf7-form init\" aria-label=\"Formulaire de contact\" novalidate=\"novalidate\" data-status=\"init\">\n<fieldset class=\"hidden-fields-container\"><input type=\"hidden\" name=\"_wpcf7\" value=\"175\" \/><input type=\"hidden\" name=\"_wpcf7_version\" value=\"6.1.5\" \/><input type=\"hidden\" name=\"_wpcf7_locale\" value=\"fr_FR\" \/><input type=\"hidden\" name=\"_wpcf7_unit_tag\" value=\"wpcf7-f175-o1\" \/><input type=\"hidden\" name=\"_wpcf7_container_post\" value=\"0\" \/><input type=\"hidden\" name=\"_wpcf7_posted_data_hash\" value=\"\" \/><input type=\"hidden\" name=\"_wpcf7_recaptcha_response\" value=\"\" \/>\n<\/fieldset>\n<p><label> Votre pr\u00e9nom<br \/>\n<span class=\"wpcf7-form-control-wrap\" data-name=\"your-firstname\"><input size=\"40\" maxlength=\"400\" class=\"wpcf7-form-control wpcf7-text wpcf7-validates-as-required\" aria-required=\"true\" aria-invalid=\"false\" value=\"\" type=\"text\" name=\"your-firstname\" \/><\/span> <\/label>\n<\/p>\n<p><label> Votre nom<br \/>\n<span class=\"wpcf7-form-control-wrap\" data-name=\"your-name\"><input size=\"40\" maxlength=\"400\" class=\"wpcf7-form-control wpcf7-text wpcf7-validates-as-required\" aria-required=\"true\" aria-invalid=\"false\" value=\"\" type=\"text\" name=\"your-name\" \/><\/span> <\/label>\n<\/p>\n<p><label> Votre e-mail<br \/>\n<span class=\"wpcf7-form-control-wrap\" data-name=\"your-email\"><input size=\"40\" maxlength=\"400\" class=\"wpcf7-form-control wpcf7-email wpcf7-validates-as-required wpcf7-text wpcf7-validates-as-email\" aria-required=\"true\" aria-invalid=\"false\" value=\"\" type=\"email\" name=\"your-email\" \/><\/span> <\/label>\n<\/p>\n<p><label> Votre t\u00e9l\u00e9phone<br \/>\n<span class=\"wpcf7-form-control-wrap\" data-name=\"your-tel\"><input size=\"40\" maxlength=\"400\" class=\"wpcf7-form-control wpcf7-tel wpcf7-validates-as-required wpcf7-text wpcf7-validates-as-tel\" aria-required=\"true\" aria-invalid=\"false\" value=\"\" type=\"tel\" name=\"your-tel\" \/><\/span> <\/label>\n<\/p>\n<p><label> Votre message<br \/>\n<span class=\"wpcf7-form-control-wrap\" data-name=\"your-message\"><textarea cols=\"40\" rows=\"10\" maxlength=\"2000\" class=\"wpcf7-form-control wpcf7-textarea wpcf7-validates-as-required\" aria-required=\"true\" aria-invalid=\"false\" name=\"your-message\"><\/textarea><\/span> <\/label>\n<\/p>\n<p><input class=\"wpcf7-form-control wpcf7-submit has-spinner\" type=\"submit\" value=\"Envoyer\" \/>\n<\/p><input type='hidden' class='wpcf7-pum' value='{\"closepopup\":false,\"closedelay\":0,\"openpopup\":false,\"openpopup_id\":0}' \/><div class=\"wpcf7-response-output\" aria-hidden=\"true\"><\/div>\n<\/form>\n<\/div>\n<\/div>\n","protected":false},"excerpt":{"rendered":"<p>Formulaire de contact<\/p>\n","protected":false},"author":1,"featured_media":0,"parent":0,"menu_order":0,"comment_status":"closed","ping_status":"closed","template":"","meta":{"footnotes":""},"class_list":["post-173","page","type-page","status-publish","hentry"],"yoast_head":"<!-- This site is optimized with the Yoast SEO plugin v27.5 - https:\/\/yoast.com\/product\/yoast-seo-wordpress\/ -->\n<title>Contact - Fred\u2019loc 36<\/title>\n<meta name=\"description\" content=\"Location de mat\u00e9riel \u00e9v\u00e8nementiel - Contact Fred\u2019loc 36 - Recevez vos amis, vos convives pour un anniversaire, un mariage, garden-party, vin d\u2019honneur, r\u00e9veillons ou toutes autres f\u00eates\" \/>\n<meta name=\"robots\" content=\"index, follow, max-snippet:-1, max-image-preview:large, max-video-preview:-1\" \/>\n<link rel=\"canonical\" href=\"https:\/\/fredloc36.com\/index.php\/contact\/\" \/>\n<meta property=\"og:locale\" content=\"fr_FR\" \/>\n<meta property=\"og:type\" content=\"article\" \/>\n<meta property=\"og:title\" content=\"Contact - Fred\u2019loc 36\" \/>\n<meta property=\"og:description\" content=\"Location de mat\u00e9riel \u00e9v\u00e8nementiel - Contact Fred\u2019loc 36 - Recevez vos amis, vos convives pour un anniversaire, un mariage, garden-party, vin d\u2019honneur, r\u00e9veillons ou toutes autres f\u00eates\" \/>\n<meta property=\"og:url\" content=\"https:\/\/fredloc36.com\/index.php\/contact\/\" \/>\n<meta property=\"og:site_name\" content=\"Fred\u2019loc 36\" \/>\n<meta property=\"article:publisher\" content=\"https:\/\/www.facebook.com\/fredamelie\" \/>\n<meta property=\"article:modified_time\" content=\"2022-11-19T22:28:51+00:00\" \/>\n<meta property=\"og:image\" content=\"https:\/\/fredloc36.com\/wp-content\/uploads\/2022\/11\/Logo_fredloc36.png\" \/>\n\t<meta property=\"og:image:width\" content=\"436\" \/>\n\t<meta property=\"og:image:height\" content=\"436\" \/>\n\t<meta property=\"og:image:type\" content=\"image\/png\" \/>\n<meta name=\"twitter:card\" content=\"summary_large_image\" \/>\n<meta name=\"twitter:label1\" content=\"Dur\u00e9e de lecture estim\u00e9e\" \/>\n\t<meta name=\"twitter:data1\" content=\"1 minute\" \/>\n<script type=\"application\/ld+json\" class=\"yoast-schema-graph\">{\"@context\":\"https:\\\/\\\/schema.org\",\"@graph\":[{\"@type\":\"WebPage\",\"@id\":\"https:\\\/\\\/fredloc36.com\\\/index.php\\\/contact\\\/\",\"url\":\"https:\\\/\\\/fredloc36.com\\\/index.php\\\/contact\\\/\",\"name\":\"Contact - Fred\u2019loc 36\",\"isPartOf\":{\"@id\":\"https:\\\/\\\/fredloc36.com\\\/#website\"},\"datePublished\":\"2022-10-25T14:23:42+00:00\",\"dateModified\":\"2022-11-19T22:28:51+00:00\",\"description\":\"Location de mat\u00e9riel \u00e9v\u00e8nementiel - Contact Fred\u2019loc 36 - Recevez vos amis, vos convives pour un anniversaire, un mariage, garden-party, vin d\u2019honneur, r\u00e9veillons ou toutes autres f\u00eates\",\"inLanguage\":\"fr-FR\",\"potentialAction\":[{\"@type\":\"ReadAction\",\"target\":[\"https:\\\/\\\/fredloc36.com\\\/index.php\\\/contact\\\/\"]}]},{\"@type\":\"WebSite\",\"@id\":\"https:\\\/\\\/fredloc36.com\\\/#website\",\"url\":\"https:\\\/\\\/fredloc36.com\\\/\",\"name\":\"Fred\u2019loc 36\",\"description\":\"Location de materiel\",\"publisher\":{\"@id\":\"https:\\\/\\\/fredloc36.com\\\/#organization\"},\"alternateName\":\"Fred'loc\",\"potentialAction\":[{\"@type\":\"SearchAction\",\"target\":{\"@type\":\"EntryPoint\",\"urlTemplate\":\"https:\\\/\\\/fredloc36.com\\\/?s={search_term_string}\"},\"query-input\":{\"@type\":\"PropertyValueSpecification\",\"valueRequired\":true,\"valueName\":\"search_term_string\"}}],\"inLanguage\":\"fr-FR\"},{\"@type\":\"Organization\",\"@id\":\"https:\\\/\\\/fredloc36.com\\\/#organization\",\"name\":\"Fred\u2019loc 36\",\"alternateName\":\"Fredloc\",\"url\":\"https:\\\/\\\/fredloc36.com\\\/\",\"logo\":{\"@type\":\"ImageObject\",\"inLanguage\":\"fr-FR\",\"@id\":\"https:\\\/\\\/fredloc36.com\\\/#\\\/schema\\\/logo\\\/image\\\/\",\"url\":\"https:\\\/\\\/fredloc36.com\\\/wp-content\\\/uploads\\\/2022\\\/10\\\/Logo.png\",\"contentUrl\":\"https:\\\/\\\/fredloc36.com\\\/wp-content\\\/uploads\\\/2022\\\/10\\\/Logo.png\",\"width\":530,\"height\":530,\"caption\":\"Fred\u2019loc 36\"},\"image\":{\"@id\":\"https:\\\/\\\/fredloc36.com\\\/#\\\/schema\\\/logo\\\/image\\\/\"},\"sameAs\":[\"https:\\\/\\\/www.facebook.com\\\/fredamelie\"]}]}<\/script>\n<!-- \/ Yoast SEO plugin. -->","yoast_head_json":{"title":"Contact - Fred\u2019loc 36","description":"Location de mat\u00e9riel \u00e9v\u00e8nementiel - Contact Fred\u2019loc 36 - Recevez vos amis, vos convives pour un anniversaire, un mariage, garden-party, vin d\u2019honneur, r\u00e9veillons ou toutes autres f\u00eates","robots":{"index":"index","follow":"follow","max-snippet":"max-snippet:-1","max-image-preview":"max-image-preview:large","max-video-preview":"max-video-preview:-1"},"canonical":"https:\/\/fredloc36.com\/index.php\/contact\/","og_locale":"fr_FR","og_type":"article","og_title":"Contact - Fred\u2019loc 36","og_description":"Location de mat\u00e9riel \u00e9v\u00e8nementiel - Contact Fred\u2019loc 36 - Recevez vos amis, vos convives pour un anniversaire, un mariage, garden-party, vin d\u2019honneur, r\u00e9veillons ou toutes autres f\u00eates","og_url":"https:\/\/fredloc36.com\/index.php\/contact\/","og_site_name":"Fred\u2019loc 36","article_publisher":"https:\/\/www.facebook.com\/fredamelie","article_modified_time":"2022-11-19T22:28:51+00:00","og_image":[{"width":436,"height":436,"url":"https:\/\/fredloc36.com\/wp-content\/uploads\/2022\/11\/Logo_fredloc36.png","type":"image\/png"}],"twitter_card":"summary_large_image","twitter_misc":{"Dur\u00e9e de lecture estim\u00e9e":"1 minute"},"schema":{"@context":"https:\/\/schema.org","@graph":[{"@type":"WebPage","@id":"https:\/\/fredloc36.com\/index.php\/contact\/","url":"https:\/\/fredloc36.com\/index.php\/contact\/","name":"Contact - Fred\u2019loc 36","isPartOf":{"@id":"https:\/\/fredloc36.com\/#website"},"datePublished":"2022-10-25T14:23:42+00:00","dateModified":"2022-11-19T22:28:51+00:00","description":"Location de mat\u00e9riel \u00e9v\u00e8nementiel - Contact Fred\u2019loc 36 - Recevez vos amis, vos convives pour un anniversaire, un mariage, garden-party, vin d\u2019honneur, r\u00e9veillons ou toutes autres f\u00eates","inLanguage":"fr-FR","potentialAction":[{"@type":"ReadAction","target":["https:\/\/fredloc36.com\/index.php\/contact\/"]}]},{"@type":"WebSite","@id":"https:\/\/fredloc36.com\/#website","url":"https:\/\/fredloc36.com\/","name":"Fred\u2019loc 36","description":"Location de materiel","publisher":{"@id":"https:\/\/fredloc36.com\/#organization"},"alternateName":"Fred'loc","potentialAction":[{"@type":"SearchAction","target":{"@type":"EntryPoint","urlTemplate":"https:\/\/fredloc36.com\/?s={search_term_string}"},"query-input":{"@type":"PropertyValueSpecification","valueRequired":true,"valueName":"search_term_string"}}],"inLanguage":"fr-FR"},{"@type":"Organization","@id":"https:\/\/fredloc36.com\/#organization","name":"Fred\u2019loc 36","alternateName":"Fredloc","url":"https:\/\/fredloc36.com\/","logo":{"@type":"ImageObject","inLanguage":"fr-FR","@id":"https:\/\/fredloc36.com\/#\/schema\/logo\/image\/","url":"https:\/\/fredloc36.com\/wp-content\/uploads\/2022\/10\/Logo.png","contentUrl":"https:\/\/fredloc36.com\/wp-content\/uploads\/2022\/10\/Logo.png","width":530,"height":530,"caption":"Fred\u2019loc 36"},"image":{"@id":"https:\/\/fredloc36.com\/#\/schema\/logo\/image\/"},"sameAs":["https:\/\/www.facebook.com\/fredamelie"]}]}},"_links":{"self":[{"href":"https:\/\/fredloc36.com\/index.php\/wp-json\/wp\/v2\/pages\/173","targetHints":{"allow":["GET"]}}],"collection":[{"href":"https:\/\/fredloc36.com\/index.php\/wp-json\/wp\/v2\/pages"}],"about":[{"href":"https:\/\/fredloc36.com\/index.php\/wp-json\/wp\/v2\/types\/page"}],"author":[{"embeddable":true,"href":"https:\/\/fredloc36.com\/index.php\/wp-json\/wp\/v2\/users\/1"}],"replies":[{"embeddable":true,"href":"https:\/\/fredloc36.com\/index.php\/wp-json\/wp\/v2\/comments?post=173"}],"version-history":[{"count":5,"href":"https:\/\/fredloc36.com\/index.php\/wp-json\/wp\/v2\/pages\/173\/revisions"}],"predecessor-version":[{"id":266,"href":"https:\/\/fredloc36.com\/index.php\/wp-json\/wp\/v2\/pages\/173\/revisions\/266"}],"wp:attachment":[{"href":"https:\/\/fredloc36.com\/index.php\/wp-json\/wp\/v2\/media?parent=173"}],"curies":[{"name":"wp","href":"https:\/\/api.w.org\/{rel}","templated":true}]}}