{"id":10809,"date":"2023-11-05T12:14:18","date_gmt":"2023-11-05T11:14:18","guid":{"rendered":"https:\/\/fredloc36.com\/?post_type=product&#038;p=10809"},"modified":"2025-01-28T15:24:38","modified_gmt":"2025-01-28T14:24:38","slug":"escabeau","status":"publish","type":"product","link":"https:\/\/fredloc36.com\/index.php\/produit\/escabeau\/","title":{"rendered":"Escabeau"},"content":{"rendered":"","protected":false},"excerpt":{"rendered":"","protected":false},"featured_media":10810,"template":"","meta":[],"product_brand":[],"product_cat":[39],"product_tag":[],"class_list":{"0":"post-10809","1":"product","2":"type-product","3":"status-publish","4":"has-post-thumbnail","6":"product_cat-meubles_decos","8":"first","9":"instock","10":"shipping-taxable","11":"product-type-simple"},"yoast_head":"<!-- This site is optimized with the Yoast SEO plugin v27.4 - https:\/\/yoast.com\/product\/yoast-seo-wordpress\/ -->\n<title>Escabeau - Fred\u2019loc 36<\/title>\n<meta name=\"description\" content=\"Location de mat\u00e9riel \u00e9v\u00e8nementiel - Fred\u2019loc 36 - Recevez vos amis, vos convives pour un anniversaire, un mariage, garden-party, vin d\u2019honneur, r\u00e9veillons ou toutes autres f\u00eates\" \/>\n<meta name=\"robots\" content=\"index, follow, max-snippet:-1, max-image-preview:large, max-video-preview:-1\" \/>\n<link rel=\"canonical\" href=\"https:\/\/fredloc36.com\/index.php\/produit\/escabeau\/\" \/>\n<meta property=\"og:locale\" content=\"fr_FR\" \/>\n<meta property=\"og:type\" content=\"article\" \/>\n<meta property=\"og:title\" content=\"Escabeau - Fred\u2019loc 36\" \/>\n<meta property=\"og:description\" content=\"Location de mat\u00e9riel \u00e9v\u00e8nementiel - Fred\u2019loc 36 - Recevez vos amis, vos convives pour un anniversaire, un mariage, garden-party, vin d\u2019honneur, r\u00e9veillons ou toutes autres f\u00eates\" \/>\n<meta property=\"og:url\" content=\"https:\/\/fredloc36.com\/index.php\/produit\/escabeau\/\" \/>\n<meta property=\"og:site_name\" content=\"Fred\u2019loc 36\" \/>\n<meta property=\"article:publisher\" content=\"https:\/\/www.facebook.com\/fredamelie\" \/>\n<meta property=\"article:modified_time\" content=\"2025-01-28T14:24:38+00:00\" \/>\n<meta property=\"og:image\" content=\"https:\/\/fredloc36.com\/wp-content\/uploads\/2023\/11\/Escabeau-deco.jpg\" \/>\n\t<meta property=\"og:image:width\" content=\"628\" \/>\n\t<meta property=\"og:image:height\" content=\"1065\" \/>\n\t<meta property=\"og:image:type\" content=\"image\/jpeg\" \/>\n<meta name=\"twitter:card\" content=\"summary_large_image\" \/>\n<script type=\"application\/ld+json\" class=\"yoast-schema-graph\">{\"@context\":\"https:\\\/\\\/schema.org\",\"@graph\":[{\"@type\":\"WebPage\",\"@id\":\"https:\\\/\\\/fredloc36.com\\\/index.php\\\/produit\\\/escabeau\\\/\",\"url\":\"https:\\\/\\\/fredloc36.com\\\/index.php\\\/produit\\\/escabeau\\\/\",\"name\":\"Escabeau - Fred\u2019loc 36\",\"isPartOf\":{\"@id\":\"https:\\\/\\\/fredloc36.com\\\/#website\"},\"primaryImageOfPage\":{\"@id\":\"https:\\\/\\\/fredloc36.com\\\/index.php\\\/produit\\\/escabeau\\\/#primaryimage\"},\"image\":{\"@id\":\"https:\\\/\\\/fredloc36.com\\\/index.php\\\/produit\\\/escabeau\\\/#primaryimage\"},\"thumbnailUrl\":\"https:\\\/\\\/fredloc36.com\\\/wp-content\\\/uploads\\\/2023\\\/11\\\/Escabeau-deco.jpg\",\"datePublished\":\"2023-11-05T11:14:18+00:00\",\"dateModified\":\"2025-01-28T14:24:38+00:00\",\"description\":\"Location de mat\u00e9riel \u00e9v\u00e8nementiel - Fred\u2019loc 36 - Recevez vos amis, vos convives pour un anniversaire, un mariage, garden-party, vin d\u2019honneur, r\u00e9veillons ou toutes autres f\u00eates\",\"breadcrumb\":{\"@id\":\"https:\\\/\\\/fredloc36.com\\\/index.php\\\/produit\\\/escabeau\\\/#breadcrumb\"},\"inLanguage\":\"fr-FR\",\"potentialAction\":[{\"@type\":\"ReadAction\",\"target\":[\"https:\\\/\\\/fredloc36.com\\\/index.php\\\/produit\\\/escabeau\\\/\"]}]},{\"@type\":\"ImageObject\",\"inLanguage\":\"fr-FR\",\"@id\":\"https:\\\/\\\/fredloc36.com\\\/index.php\\\/produit\\\/escabeau\\\/#primaryimage\",\"url\":\"https:\\\/\\\/fredloc36.com\\\/wp-content\\\/uploads\\\/2023\\\/11\\\/Escabeau-deco.jpg\",\"contentUrl\":\"https:\\\/\\\/fredloc36.com\\\/wp-content\\\/uploads\\\/2023\\\/11\\\/Escabeau-deco.jpg\",\"width\":628,\"height\":1065,\"caption\":\"Escabeau d\u00e9co\"},{\"@type\":\"BreadcrumbList\",\"@id\":\"https:\\\/\\\/fredloc36.com\\\/index.php\\\/produit\\\/escabeau\\\/#breadcrumb\",\"itemListElement\":[{\"@type\":\"ListItem\",\"position\":1,\"name\":\"Accueil\",\"item\":\"https:\\\/\\\/fredloc36.com\\\/\"},{\"@type\":\"ListItem\",\"position\":2,\"name\":\"Produits\",\"item\":\"https:\\\/\\\/fredloc36.com\\\/index.php\\\/shop\\\/\"},{\"@type\":\"ListItem\",\"position\":3,\"name\":\"Escabeau\"}]},{\"@type\":\"WebSite\",\"@id\":\"https:\\\/\\\/fredloc36.com\\\/#website\",\"url\":\"https:\\\/\\\/fredloc36.com\\\/\",\"name\":\"Fred\u2019loc 36\",\"description\":\"Location de materiel\",\"publisher\":{\"@id\":\"https:\\\/\\\/fredloc36.com\\\/#organization\"},\"alternateName\":\"Fred'loc\",\"potentialAction\":[{\"@type\":\"SearchAction\",\"target\":{\"@type\":\"EntryPoint\",\"urlTemplate\":\"https:\\\/\\\/fredloc36.com\\\/?s={search_term_string}\"},\"query-input\":{\"@type\":\"PropertyValueSpecification\",\"valueRequired\":true,\"valueName\":\"search_term_string\"}}],\"inLanguage\":\"fr-FR\"},{\"@type\":\"Organization\",\"@id\":\"https:\\\/\\\/fredloc36.com\\\/#organization\",\"name\":\"Fred\u2019loc 36\",\"alternateName\":\"Fredloc\",\"url\":\"https:\\\/\\\/fredloc36.com\\\/\",\"logo\":{\"@type\":\"ImageObject\",\"inLanguage\":\"fr-FR\",\"@id\":\"https:\\\/\\\/fredloc36.com\\\/#\\\/schema\\\/logo\\\/image\\\/\",\"url\":\"https:\\\/\\\/fredloc36.com\\\/wp-content\\\/uploads\\\/2022\\\/10\\\/Logo.png\",\"contentUrl\":\"https:\\\/\\\/fredloc36.com\\\/wp-content\\\/uploads\\\/2022\\\/10\\\/Logo.png\",\"width\":530,\"height\":530,\"caption\":\"Fred\u2019loc 36\"},\"image\":{\"@id\":\"https:\\\/\\\/fredloc36.com\\\/#\\\/schema\\\/logo\\\/image\\\/\"},\"sameAs\":[\"https:\\\/\\\/www.facebook.com\\\/fredamelie\"]}]}<\/script>\n<!-- \/ Yoast SEO plugin. -->","yoast_head_json":{"title":"Escabeau - Fred\u2019loc 36","description":"Location de mat\u00e9riel \u00e9v\u00e8nementiel - Fred\u2019loc 36 - Recevez vos amis, vos convives pour un anniversaire, un mariage, garden-party, vin d\u2019honneur, r\u00e9veillons ou toutes autres f\u00eates","robots":{"index":"index","follow":"follow","max-snippet":"max-snippet:-1","max-image-preview":"max-image-preview:large","max-video-preview":"max-video-preview:-1"},"canonical":"https:\/\/fredloc36.com\/index.php\/produit\/escabeau\/","og_locale":"fr_FR","og_type":"article","og_title":"Escabeau - Fred\u2019loc 36","og_description":"Location de mat\u00e9riel \u00e9v\u00e8nementiel - Fred\u2019loc 36 - Recevez vos amis, vos convives pour un anniversaire, un mariage, garden-party, vin d\u2019honneur, r\u00e9veillons ou toutes autres f\u00eates","og_url":"https:\/\/fredloc36.com\/index.php\/produit\/escabeau\/","og_site_name":"Fred\u2019loc 36","article_publisher":"https:\/\/www.facebook.com\/fredamelie","article_modified_time":"2025-01-28T14:24:38+00:00","og_image":[{"width":628,"height":1065,"url":"https:\/\/fredloc36.com\/wp-content\/uploads\/2023\/11\/Escabeau-deco.jpg","type":"image\/jpeg"}],"twitter_card":"summary_large_image","schema":{"@context":"https:\/\/schema.org","@graph":[{"@type":"WebPage","@id":"https:\/\/fredloc36.com\/index.php\/produit\/escabeau\/","url":"https:\/\/fredloc36.com\/index.php\/produit\/escabeau\/","name":"Escabeau - Fred\u2019loc 36","isPartOf":{"@id":"https:\/\/fredloc36.com\/#website"},"primaryImageOfPage":{"@id":"https:\/\/fredloc36.com\/index.php\/produit\/escabeau\/#primaryimage"},"image":{"@id":"https:\/\/fredloc36.com\/index.php\/produit\/escabeau\/#primaryimage"},"thumbnailUrl":"https:\/\/fredloc36.com\/wp-content\/uploads\/2023\/11\/Escabeau-deco.jpg","datePublished":"2023-11-05T11:14:18+00:00","dateModified":"2025-01-28T14:24:38+00:00","description":"Location de mat\u00e9riel \u00e9v\u00e8nementiel - Fred\u2019loc 36 - Recevez vos amis, vos convives pour un anniversaire, un mariage, garden-party, vin d\u2019honneur, r\u00e9veillons ou toutes autres f\u00eates","breadcrumb":{"@id":"https:\/\/fredloc36.com\/index.php\/produit\/escabeau\/#breadcrumb"},"inLanguage":"fr-FR","potentialAction":[{"@type":"ReadAction","target":["https:\/\/fredloc36.com\/index.php\/produit\/escabeau\/"]}]},{"@type":"ImageObject","inLanguage":"fr-FR","@id":"https:\/\/fredloc36.com\/index.php\/produit\/escabeau\/#primaryimage","url":"https:\/\/fredloc36.com\/wp-content\/uploads\/2023\/11\/Escabeau-deco.jpg","contentUrl":"https:\/\/fredloc36.com\/wp-content\/uploads\/2023\/11\/Escabeau-deco.jpg","width":628,"height":1065,"caption":"Escabeau d\u00e9co"},{"@type":"BreadcrumbList","@id":"https:\/\/fredloc36.com\/index.php\/produit\/escabeau\/#breadcrumb","itemListElement":[{"@type":"ListItem","position":1,"name":"Accueil","item":"https:\/\/fredloc36.com\/"},{"@type":"ListItem","position":2,"name":"Produits","item":"https:\/\/fredloc36.com\/index.php\/shop\/"},{"@type":"ListItem","position":3,"name":"Escabeau"}]},{"@type":"WebSite","@id":"https:\/\/fredloc36.com\/#website","url":"https:\/\/fredloc36.com\/","name":"Fred\u2019loc 36","description":"Location de materiel","publisher":{"@id":"https:\/\/fredloc36.com\/#organization"},"alternateName":"Fred'loc","potentialAction":[{"@type":"SearchAction","target":{"@type":"EntryPoint","urlTemplate":"https:\/\/fredloc36.com\/?s={search_term_string}"},"query-input":{"@type":"PropertyValueSpecification","valueRequired":true,"valueName":"search_term_string"}}],"inLanguage":"fr-FR"},{"@type":"Organization","@id":"https:\/\/fredloc36.com\/#organization","name":"Fred\u2019loc 36","alternateName":"Fredloc","url":"https:\/\/fredloc36.com\/","logo":{"@type":"ImageObject","inLanguage":"fr-FR","@id":"https:\/\/fredloc36.com\/#\/schema\/logo\/image\/","url":"https:\/\/fredloc36.com\/wp-content\/uploads\/2022\/10\/Logo.png","contentUrl":"https:\/\/fredloc36.com\/wp-content\/uploads\/2022\/10\/Logo.png","width":530,"height":530,"caption":"Fred\u2019loc 36"},"image":{"@id":"https:\/\/fredloc36.com\/#\/schema\/logo\/image\/"},"sameAs":["https:\/\/www.facebook.com\/fredamelie"]}]}},"_links":{"self":[{"href":"https:\/\/fredloc36.com\/index.php\/wp-json\/wp\/v2\/product\/10809","targetHints":{"allow":["GET"]}}],"collection":[{"href":"https:\/\/fredloc36.com\/index.php\/wp-json\/wp\/v2\/product"}],"about":[{"href":"https:\/\/fredloc36.com\/index.php\/wp-json\/wp\/v2\/types\/product"}],"wp:featuredmedia":[{"embeddable":true,"href":"https:\/\/fredloc36.com\/index.php\/wp-json\/wp\/v2\/media\/10810"}],"wp:attachment":[{"href":"https:\/\/fredloc36.com\/index.php\/wp-json\/wp\/v2\/media?parent=10809"}],"wp:term":[{"taxonomy":"product_brand","embeddable":true,"href":"https:\/\/fredloc36.com\/index.php\/wp-json\/wp\/v2\/product_brand?post=10809"},{"taxonomy":"product_cat","embeddable":true,"href":"https:\/\/fredloc36.com\/index.php\/wp-json\/wp\/v2\/product_cat?post=10809"},{"taxonomy":"product_tag","embeddable":true,"href":"https:\/\/fredloc36.com\/index.php\/wp-json\/wp\/v2\/product_tag?post=10809"}],"curies":[{"name":"wp","href":"https:\/\/api.w.org\/{rel}","templated":true}]}}