{"id":138,"date":"2022-10-21T10:02:57","date_gmt":"2022-10-21T08:02:57","guid":{"rendered":"https:\/\/fredloc36.com\/?post_type=product&#038;p=138"},"modified":"2025-01-28T15:25:18","modified_gmt":"2025-01-28T14:25:18","slug":"location-sono-ld","status":"publish","type":"product","link":"https:\/\/fredloc36.com\/index.php\/produit\/location-sono-ld\/","title":{"rendered":"Sono LD"},"content":{"rendered":"<p>Syst\u00e8me \u00e9quip\u00e9 de caissons de basse<br \/>\n2 haut-parleurs 8 pouces bass<br \/>\n2 satellites avec 16 haut-parleurs 3 pouces<br \/>\n2 tweeters 1 pouce<br \/>\nPuissance 1000W<br \/>\nPossibilit\u00e9 de brancher un micro, un ordinateur, un t\u00e9l\u00e9phone avec c\u00e2ble fourni<br \/>\nPossibilit\u00e9 de louer une table de mixage pour piloter 2 syst\u00e8mes<\/p>\n","protected":false},"excerpt":{"rendered":"<p>Syst\u00e8me \u00e9quip\u00e9 de caissons de basse 2 haut-parleurs 8 pouces bass 2 satellites avec 16 haut-parleurs 3 pouces 2 tweeters 1 pouce Puissance 1000W Possibilit\u00e9 de brancher un micro, un ordinateur, un t\u00e9l\u00e9phone avec c\u00e2ble fourni Possibilit\u00e9 de louer une table de mixage pour piloter 2 syst\u00e8mes<\/p>\n","protected":false},"featured_media":680,"template":"","meta":[],"product_brand":[],"product_cat":[37],"product_tag":[],"class_list":{"0":"post-138","1":"product","2":"type-product","3":"status-publish","4":"has-post-thumbnail","6":"product_cat-son_lumieres_image","8":"first","9":"instock","10":"shipping-taxable","11":"product-type-simple"},"yoast_head":"<!-- This site is optimized with the Yoast SEO plugin v27.4 - https:\/\/yoast.com\/product\/yoast-seo-wordpress\/ -->\n<title>Sono LD en location - Fred\u2019loc 36<\/title>\n<meta name=\"description\" content=\"Location sono LD - Syst\u00e8me \u00e9quip\u00e9 de caissons de basse - 2 haut-parleurs 8 pouces bass - 2 satellites avec 16 haut-parleurs 3 pouces - 2 tweeters 1 pouce - Puissance 1000W\" \/>\n<meta name=\"robots\" content=\"index, follow, max-snippet:-1, max-image-preview:large, max-video-preview:-1\" \/>\n<link rel=\"canonical\" href=\"https:\/\/fredloc36.com\/index.php\/produit\/location-sono-ld\/\" \/>\n<meta property=\"og:locale\" content=\"fr_FR\" \/>\n<meta property=\"og:type\" content=\"article\" \/>\n<meta property=\"og:title\" content=\"Sono LD en location - Fred\u2019loc 36\" \/>\n<meta property=\"og:description\" content=\"Location sono LD - Syst\u00e8me \u00e9quip\u00e9 de caissons de basse - 2 haut-parleurs 8 pouces bass - 2 satellites avec 16 haut-parleurs 3 pouces - 2 tweeters 1 pouce - Puissance 1000W\" \/>\n<meta property=\"og:url\" content=\"https:\/\/fredloc36.com\/index.php\/produit\/location-sono-ld\/\" \/>\n<meta property=\"og:site_name\" content=\"Fred\u2019loc 36\" \/>\n<meta property=\"article:publisher\" content=\"https:\/\/www.facebook.com\/fredamelie\" \/>\n<meta property=\"article:modified_time\" content=\"2025-01-28T14:25:18+00:00\" \/>\n<meta property=\"og:image\" content=\"https:\/\/fredloc36.com\/wp-content\/uploads\/2023\/03\/Sono_LD.jpg\" \/>\n\t<meta property=\"og:image:width\" content=\"620\" \/>\n\t<meta property=\"og:image:height\" content=\"413\" \/>\n\t<meta property=\"og:image:type\" content=\"image\/jpeg\" \/>\n<meta name=\"twitter:card\" content=\"summary_large_image\" \/>\n<meta name=\"twitter:label1\" content=\"Dur\u00e9e de lecture estim\u00e9e\" \/>\n\t<meta name=\"twitter:data1\" content=\"1 minute\" \/>\n<script type=\"application\/ld+json\" class=\"yoast-schema-graph\">{\"@context\":\"https:\\\/\\\/schema.org\",\"@graph\":[{\"@type\":\"WebPage\",\"@id\":\"https:\\\/\\\/fredloc36.com\\\/index.php\\\/produit\\\/location-sono-ld\\\/\",\"url\":\"https:\\\/\\\/fredloc36.com\\\/index.php\\\/produit\\\/location-sono-ld\\\/\",\"name\":\"Sono LD en location - Fred\u2019loc 36\",\"isPartOf\":{\"@id\":\"https:\\\/\\\/fredloc36.com\\\/#website\"},\"primaryImageOfPage\":{\"@id\":\"https:\\\/\\\/fredloc36.com\\\/index.php\\\/produit\\\/location-sono-ld\\\/#primaryimage\"},\"image\":{\"@id\":\"https:\\\/\\\/fredloc36.com\\\/index.php\\\/produit\\\/location-sono-ld\\\/#primaryimage\"},\"thumbnailUrl\":\"https:\\\/\\\/fredloc36.com\\\/wp-content\\\/uploads\\\/2023\\\/03\\\/Sono_LD.jpg\",\"datePublished\":\"2022-10-21T08:02:57+00:00\",\"dateModified\":\"2025-01-28T14:25:18+00:00\",\"description\":\"Location sono LD - Syst\u00e8me \u00e9quip\u00e9 de caissons de basse - 2 haut-parleurs 8 pouces bass - 2 satellites avec 16 haut-parleurs 3 pouces - 2 tweeters 1 pouce - Puissance 1000W\",\"breadcrumb\":{\"@id\":\"https:\\\/\\\/fredloc36.com\\\/index.php\\\/produit\\\/location-sono-ld\\\/#breadcrumb\"},\"inLanguage\":\"fr-FR\",\"potentialAction\":[{\"@type\":\"ReadAction\",\"target\":[\"https:\\\/\\\/fredloc36.com\\\/index.php\\\/produit\\\/location-sono-ld\\\/\"]}]},{\"@type\":\"ImageObject\",\"inLanguage\":\"fr-FR\",\"@id\":\"https:\\\/\\\/fredloc36.com\\\/index.php\\\/produit\\\/location-sono-ld\\\/#primaryimage\",\"url\":\"https:\\\/\\\/fredloc36.com\\\/wp-content\\\/uploads\\\/2023\\\/03\\\/Sono_LD.jpg\",\"contentUrl\":\"https:\\\/\\\/fredloc36.com\\\/wp-content\\\/uploads\\\/2023\\\/03\\\/Sono_LD.jpg\",\"width\":620,\"height\":413,\"caption\":\"Sono LD\"},{\"@type\":\"BreadcrumbList\",\"@id\":\"https:\\\/\\\/fredloc36.com\\\/index.php\\\/produit\\\/location-sono-ld\\\/#breadcrumb\",\"itemListElement\":[{\"@type\":\"ListItem\",\"position\":1,\"name\":\"Accueil\",\"item\":\"https:\\\/\\\/fredloc36.com\\\/\"},{\"@type\":\"ListItem\",\"position\":2,\"name\":\"Produits\",\"item\":\"https:\\\/\\\/fredloc36.com\\\/index.php\\\/shop\\\/\"},{\"@type\":\"ListItem\",\"position\":3,\"name\":\"Sono LD\"}]},{\"@type\":\"WebSite\",\"@id\":\"https:\\\/\\\/fredloc36.com\\\/#website\",\"url\":\"https:\\\/\\\/fredloc36.com\\\/\",\"name\":\"Fred\u2019loc 36\",\"description\":\"Location de materiel\",\"publisher\":{\"@id\":\"https:\\\/\\\/fredloc36.com\\\/#organization\"},\"alternateName\":\"Fred'loc\",\"potentialAction\":[{\"@type\":\"SearchAction\",\"target\":{\"@type\":\"EntryPoint\",\"urlTemplate\":\"https:\\\/\\\/fredloc36.com\\\/?s={search_term_string}\"},\"query-input\":{\"@type\":\"PropertyValueSpecification\",\"valueRequired\":true,\"valueName\":\"search_term_string\"}}],\"inLanguage\":\"fr-FR\"},{\"@type\":\"Organization\",\"@id\":\"https:\\\/\\\/fredloc36.com\\\/#organization\",\"name\":\"Fred\u2019loc 36\",\"alternateName\":\"Fredloc\",\"url\":\"https:\\\/\\\/fredloc36.com\\\/\",\"logo\":{\"@type\":\"ImageObject\",\"inLanguage\":\"fr-FR\",\"@id\":\"https:\\\/\\\/fredloc36.com\\\/#\\\/schema\\\/logo\\\/image\\\/\",\"url\":\"https:\\\/\\\/fredloc36.com\\\/wp-content\\\/uploads\\\/2022\\\/10\\\/Logo.png\",\"contentUrl\":\"https:\\\/\\\/fredloc36.com\\\/wp-content\\\/uploads\\\/2022\\\/10\\\/Logo.png\",\"width\":530,\"height\":530,\"caption\":\"Fred\u2019loc 36\"},\"image\":{\"@id\":\"https:\\\/\\\/fredloc36.com\\\/#\\\/schema\\\/logo\\\/image\\\/\"},\"sameAs\":[\"https:\\\/\\\/www.facebook.com\\\/fredamelie\"]}]}<\/script>\n<!-- \/ Yoast SEO plugin. -->","yoast_head_json":{"title":"Sono LD en location - Fred\u2019loc 36","description":"Location sono LD - Syst\u00e8me \u00e9quip\u00e9 de caissons de basse - 2 haut-parleurs 8 pouces bass - 2 satellites avec 16 haut-parleurs 3 pouces - 2 tweeters 1 pouce - Puissance 1000W","robots":{"index":"index","follow":"follow","max-snippet":"max-snippet:-1","max-image-preview":"max-image-preview:large","max-video-preview":"max-video-preview:-1"},"canonical":"https:\/\/fredloc36.com\/index.php\/produit\/location-sono-ld\/","og_locale":"fr_FR","og_type":"article","og_title":"Sono LD en location - Fred\u2019loc 36","og_description":"Location sono LD - Syst\u00e8me \u00e9quip\u00e9 de caissons de basse - 2 haut-parleurs 8 pouces bass - 2 satellites avec 16 haut-parleurs 3 pouces - 2 tweeters 1 pouce - Puissance 1000W","og_url":"https:\/\/fredloc36.com\/index.php\/produit\/location-sono-ld\/","og_site_name":"Fred\u2019loc 36","article_publisher":"https:\/\/www.facebook.com\/fredamelie","article_modified_time":"2025-01-28T14:25:18+00:00","og_image":[{"width":620,"height":413,"url":"https:\/\/fredloc36.com\/wp-content\/uploads\/2023\/03\/Sono_LD.jpg","type":"image\/jpeg"}],"twitter_card":"summary_large_image","twitter_misc":{"Dur\u00e9e de lecture estim\u00e9e":"1 minute"},"schema":{"@context":"https:\/\/schema.org","@graph":[{"@type":"WebPage","@id":"https:\/\/fredloc36.com\/index.php\/produit\/location-sono-ld\/","url":"https:\/\/fredloc36.com\/index.php\/produit\/location-sono-ld\/","name":"Sono LD en location - Fred\u2019loc 36","isPartOf":{"@id":"https:\/\/fredloc36.com\/#website"},"primaryImageOfPage":{"@id":"https:\/\/fredloc36.com\/index.php\/produit\/location-sono-ld\/#primaryimage"},"image":{"@id":"https:\/\/fredloc36.com\/index.php\/produit\/location-sono-ld\/#primaryimage"},"thumbnailUrl":"https:\/\/fredloc36.com\/wp-content\/uploads\/2023\/03\/Sono_LD.jpg","datePublished":"2022-10-21T08:02:57+00:00","dateModified":"2025-01-28T14:25:18+00:00","description":"Location sono LD - Syst\u00e8me \u00e9quip\u00e9 de caissons de basse - 2 haut-parleurs 8 pouces bass - 2 satellites avec 16 haut-parleurs 3 pouces - 2 tweeters 1 pouce - Puissance 1000W","breadcrumb":{"@id":"https:\/\/fredloc36.com\/index.php\/produit\/location-sono-ld\/#breadcrumb"},"inLanguage":"fr-FR","potentialAction":[{"@type":"ReadAction","target":["https:\/\/fredloc36.com\/index.php\/produit\/location-sono-ld\/"]}]},{"@type":"ImageObject","inLanguage":"fr-FR","@id":"https:\/\/fredloc36.com\/index.php\/produit\/location-sono-ld\/#primaryimage","url":"https:\/\/fredloc36.com\/wp-content\/uploads\/2023\/03\/Sono_LD.jpg","contentUrl":"https:\/\/fredloc36.com\/wp-content\/uploads\/2023\/03\/Sono_LD.jpg","width":620,"height":413,"caption":"Sono LD"},{"@type":"BreadcrumbList","@id":"https:\/\/fredloc36.com\/index.php\/produit\/location-sono-ld\/#breadcrumb","itemListElement":[{"@type":"ListItem","position":1,"name":"Accueil","item":"https:\/\/fredloc36.com\/"},{"@type":"ListItem","position":2,"name":"Produits","item":"https:\/\/fredloc36.com\/index.php\/shop\/"},{"@type":"ListItem","position":3,"name":"Sono LD"}]},{"@type":"WebSite","@id":"https:\/\/fredloc36.com\/#website","url":"https:\/\/fredloc36.com\/","name":"Fred\u2019loc 36","description":"Location de materiel","publisher":{"@id":"https:\/\/fredloc36.com\/#organization"},"alternateName":"Fred'loc","potentialAction":[{"@type":"SearchAction","target":{"@type":"EntryPoint","urlTemplate":"https:\/\/fredloc36.com\/?s={search_term_string}"},"query-input":{"@type":"PropertyValueSpecification","valueRequired":true,"valueName":"search_term_string"}}],"inLanguage":"fr-FR"},{"@type":"Organization","@id":"https:\/\/fredloc36.com\/#organization","name":"Fred\u2019loc 36","alternateName":"Fredloc","url":"https:\/\/fredloc36.com\/","logo":{"@type":"ImageObject","inLanguage":"fr-FR","@id":"https:\/\/fredloc36.com\/#\/schema\/logo\/image\/","url":"https:\/\/fredloc36.com\/wp-content\/uploads\/2022\/10\/Logo.png","contentUrl":"https:\/\/fredloc36.com\/wp-content\/uploads\/2022\/10\/Logo.png","width":530,"height":530,"caption":"Fred\u2019loc 36"},"image":{"@id":"https:\/\/fredloc36.com\/#\/schema\/logo\/image\/"},"sameAs":["https:\/\/www.facebook.com\/fredamelie"]}]}},"_links":{"self":[{"href":"https:\/\/fredloc36.com\/index.php\/wp-json\/wp\/v2\/product\/138","targetHints":{"allow":["GET"]}}],"collection":[{"href":"https:\/\/fredloc36.com\/index.php\/wp-json\/wp\/v2\/product"}],"about":[{"href":"https:\/\/fredloc36.com\/index.php\/wp-json\/wp\/v2\/types\/product"}],"wp:featuredmedia":[{"embeddable":true,"href":"https:\/\/fredloc36.com\/index.php\/wp-json\/wp\/v2\/media\/680"}],"wp:attachment":[{"href":"https:\/\/fredloc36.com\/index.php\/wp-json\/wp\/v2\/media?parent=138"}],"wp:term":[{"taxonomy":"product_brand","embeddable":true,"href":"https:\/\/fredloc36.com\/index.php\/wp-json\/wp\/v2\/product_brand?post=138"},{"taxonomy":"product_cat","embeddable":true,"href":"https:\/\/fredloc36.com\/index.php\/wp-json\/wp\/v2\/product_cat?post=138"},{"taxonomy":"product_tag","embeddable":true,"href":"https:\/\/fredloc36.com\/index.php\/wp-json\/wp\/v2\/product_tag?post=138"}],"curies":[{"name":"wp","href":"https:\/\/api.w.org\/{rel}","templated":true}]}}