{"id":147,"date":"2022-10-21T19:22:53","date_gmt":"2022-10-21T17:22:53","guid":{"rendered":"https:\/\/fredloc36.com\/?post_type=product&#038;p=147"},"modified":"2025-01-28T14:11:19","modified_gmt":"2025-01-28T13:11:19","slug":"location-tonnelles-blanches-3x3m","status":"publish","type":"product","link":"https:\/\/fredloc36.com\/index.php\/produit\/location-tonnelles-blanches-3x3m\/","title":{"rendered":"Tonnelles blanches 3&#215;3"},"content":{"rendered":"<p>3 x 3 m \u2013 9m2<br \/>\n4 x parois avec fermetures coulissantes<br \/>\n1 x sac de transport \u00e0 roulettes<br \/>\n4 x sacs de sable<br \/>\nHauteur de toit ajustable<br \/>\nPossibilit\u00e9 de fournir des goutti\u00e8res en assemblant plusieurs tonnelles<br \/>\nMontage rapide et facile<\/p>\n","protected":false},"excerpt":{"rendered":"<p>3 x 3 m \u2013 9m2 4 x parois avec fermetures coulissantes 1 x sac de transport \u00e0 roulettes 4 x sacs de sable Hauteur de toit ajustable Possibilit\u00e9 de fournir des goutti\u00e8res en assemblant plusieurs tonnelles Montage rapide et facile<\/p>\n","protected":false},"featured_media":10805,"template":"","meta":[],"product_brand":[],"product_cat":[36],"product_tag":[],"class_list":{"0":"post-147","1":"product","2":"type-product","3":"status-publish","4":"has-post-thumbnail","6":"product_cat-tonnelles","8":"first","9":"instock","10":"shipping-taxable","11":"product-type-simple"},"yoast_head":"<!-- This site is optimized with the Yoast SEO plugin v27.4 - https:\/\/yoast.com\/product\/yoast-seo-wordpress\/ -->\n<title>Tonnelles blanches 3x3 en location - Fred\u2019loc 36<\/title>\n<meta name=\"description\" content=\"Location tonnelles blanches 3 x 3 m \u2013 9m2 - 4 x parois avec fermetures coulissantes - Hauteur de toit ajustable - Montage rapide et facile\" \/>\n<meta name=\"robots\" content=\"index, follow, max-snippet:-1, max-image-preview:large, max-video-preview:-1\" \/>\n<link rel=\"canonical\" href=\"https:\/\/fredloc36.com\/index.php\/produit\/location-tonnelles-blanches-3x3m\/\" \/>\n<meta property=\"og:locale\" content=\"fr_FR\" \/>\n<meta property=\"og:type\" content=\"article\" \/>\n<meta property=\"og:title\" content=\"Tonnelles blanches 3x3 en location - Fred\u2019loc 36\" \/>\n<meta property=\"og:description\" content=\"Location tonnelles blanches 3 x 3 m \u2013 9m2 - 4 x parois avec fermetures coulissantes - Hauteur de toit ajustable - Montage rapide et facile\" \/>\n<meta property=\"og:url\" content=\"https:\/\/fredloc36.com\/index.php\/produit\/location-tonnelles-blanches-3x3m\/\" \/>\n<meta property=\"og:site_name\" content=\"Fred\u2019loc 36\" \/>\n<meta property=\"article:publisher\" content=\"https:\/\/www.facebook.com\/fredamelie\" \/>\n<meta property=\"article:modified_time\" content=\"2025-01-28T13:11:19+00:00\" \/>\n<meta property=\"og:image\" content=\"https:\/\/fredloc36.com\/wp-content\/uploads\/2022\/10\/Tonnelle-3x3-.jpeg\" \/>\n\t<meta property=\"og:image:width\" content=\"478\" \/>\n\t<meta property=\"og:image:height\" content=\"479\" \/>\n\t<meta property=\"og:image:type\" content=\"image\/jpeg\" \/>\n<meta name=\"twitter:card\" content=\"summary_large_image\" \/>\n<meta name=\"twitter:label1\" content=\"Dur\u00e9e de lecture estim\u00e9e\" \/>\n\t<meta name=\"twitter:data1\" content=\"1 minute\" \/>\n<script type=\"application\/ld+json\" class=\"yoast-schema-graph\">{\"@context\":\"https:\\\/\\\/schema.org\",\"@graph\":[{\"@type\":\"WebPage\",\"@id\":\"https:\\\/\\\/fredloc36.com\\\/index.php\\\/produit\\\/location-tonnelles-blanches-3x3m\\\/\",\"url\":\"https:\\\/\\\/fredloc36.com\\\/index.php\\\/produit\\\/location-tonnelles-blanches-3x3m\\\/\",\"name\":\"Tonnelles blanches 3x3 en location - Fred\u2019loc 36\",\"isPartOf\":{\"@id\":\"https:\\\/\\\/fredloc36.com\\\/#website\"},\"primaryImageOfPage\":{\"@id\":\"https:\\\/\\\/fredloc36.com\\\/index.php\\\/produit\\\/location-tonnelles-blanches-3x3m\\\/#primaryimage\"},\"image\":{\"@id\":\"https:\\\/\\\/fredloc36.com\\\/index.php\\\/produit\\\/location-tonnelles-blanches-3x3m\\\/#primaryimage\"},\"thumbnailUrl\":\"https:\\\/\\\/fredloc36.com\\\/wp-content\\\/uploads\\\/2022\\\/10\\\/Tonnelle-3x3-.jpeg\",\"datePublished\":\"2022-10-21T17:22:53+00:00\",\"dateModified\":\"2025-01-28T13:11:19+00:00\",\"description\":\"Location tonnelles blanches 3 x 3 m \u2013 9m2 - 4 x parois avec fermetures coulissantes - Hauteur de toit ajustable - Montage rapide et facile\",\"breadcrumb\":{\"@id\":\"https:\\\/\\\/fredloc36.com\\\/index.php\\\/produit\\\/location-tonnelles-blanches-3x3m\\\/#breadcrumb\"},\"inLanguage\":\"fr-FR\",\"potentialAction\":[{\"@type\":\"ReadAction\",\"target\":[\"https:\\\/\\\/fredloc36.com\\\/index.php\\\/produit\\\/location-tonnelles-blanches-3x3m\\\/\"]}]},{\"@type\":\"ImageObject\",\"inLanguage\":\"fr-FR\",\"@id\":\"https:\\\/\\\/fredloc36.com\\\/index.php\\\/produit\\\/location-tonnelles-blanches-3x3m\\\/#primaryimage\",\"url\":\"https:\\\/\\\/fredloc36.com\\\/wp-content\\\/uploads\\\/2022\\\/10\\\/Tonnelle-3x3-.jpeg\",\"contentUrl\":\"https:\\\/\\\/fredloc36.com\\\/wp-content\\\/uploads\\\/2022\\\/10\\\/Tonnelle-3x3-.jpeg\",\"width\":478,\"height\":479,\"caption\":\"Tonnelles Blanches 3x3m \u2013 9m2\"},{\"@type\":\"BreadcrumbList\",\"@id\":\"https:\\\/\\\/fredloc36.com\\\/index.php\\\/produit\\\/location-tonnelles-blanches-3x3m\\\/#breadcrumb\",\"itemListElement\":[{\"@type\":\"ListItem\",\"position\":1,\"name\":\"Accueil\",\"item\":\"https:\\\/\\\/fredloc36.com\\\/\"},{\"@type\":\"ListItem\",\"position\":2,\"name\":\"Produits\",\"item\":\"https:\\\/\\\/fredloc36.com\\\/index.php\\\/shop\\\/\"},{\"@type\":\"ListItem\",\"position\":3,\"name\":\"Tonnelles blanches 3&#215;3\"}]},{\"@type\":\"WebSite\",\"@id\":\"https:\\\/\\\/fredloc36.com\\\/#website\",\"url\":\"https:\\\/\\\/fredloc36.com\\\/\",\"name\":\"Fred\u2019loc 36\",\"description\":\"Location de materiel\",\"publisher\":{\"@id\":\"https:\\\/\\\/fredloc36.com\\\/#organization\"},\"alternateName\":\"Fred'loc\",\"potentialAction\":[{\"@type\":\"SearchAction\",\"target\":{\"@type\":\"EntryPoint\",\"urlTemplate\":\"https:\\\/\\\/fredloc36.com\\\/?s={search_term_string}\"},\"query-input\":{\"@type\":\"PropertyValueSpecification\",\"valueRequired\":true,\"valueName\":\"search_term_string\"}}],\"inLanguage\":\"fr-FR\"},{\"@type\":\"Organization\",\"@id\":\"https:\\\/\\\/fredloc36.com\\\/#organization\",\"name\":\"Fred\u2019loc 36\",\"alternateName\":\"Fredloc\",\"url\":\"https:\\\/\\\/fredloc36.com\\\/\",\"logo\":{\"@type\":\"ImageObject\",\"inLanguage\":\"fr-FR\",\"@id\":\"https:\\\/\\\/fredloc36.com\\\/#\\\/schema\\\/logo\\\/image\\\/\",\"url\":\"https:\\\/\\\/fredloc36.com\\\/wp-content\\\/uploads\\\/2022\\\/10\\\/Logo.png\",\"contentUrl\":\"https:\\\/\\\/fredloc36.com\\\/wp-content\\\/uploads\\\/2022\\\/10\\\/Logo.png\",\"width\":530,\"height\":530,\"caption\":\"Fred\u2019loc 36\"},\"image\":{\"@id\":\"https:\\\/\\\/fredloc36.com\\\/#\\\/schema\\\/logo\\\/image\\\/\"},\"sameAs\":[\"https:\\\/\\\/www.facebook.com\\\/fredamelie\"]}]}<\/script>\n<!-- \/ Yoast SEO plugin. -->","yoast_head_json":{"title":"Tonnelles blanches 3x3 en location - Fred\u2019loc 36","description":"Location tonnelles blanches 3 x 3 m \u2013 9m2 - 4 x parois avec fermetures coulissantes - Hauteur de toit ajustable - Montage rapide et facile","robots":{"index":"index","follow":"follow","max-snippet":"max-snippet:-1","max-image-preview":"max-image-preview:large","max-video-preview":"max-video-preview:-1"},"canonical":"https:\/\/fredloc36.com\/index.php\/produit\/location-tonnelles-blanches-3x3m\/","og_locale":"fr_FR","og_type":"article","og_title":"Tonnelles blanches 3x3 en location - Fred\u2019loc 36","og_description":"Location tonnelles blanches 3 x 3 m \u2013 9m2 - 4 x parois avec fermetures coulissantes - Hauteur de toit ajustable - Montage rapide et facile","og_url":"https:\/\/fredloc36.com\/index.php\/produit\/location-tonnelles-blanches-3x3m\/","og_site_name":"Fred\u2019loc 36","article_publisher":"https:\/\/www.facebook.com\/fredamelie","article_modified_time":"2025-01-28T13:11:19+00:00","og_image":[{"width":478,"height":479,"url":"https:\/\/fredloc36.com\/wp-content\/uploads\/2022\/10\/Tonnelle-3x3-.jpeg","type":"image\/jpeg"}],"twitter_card":"summary_large_image","twitter_misc":{"Dur\u00e9e de lecture estim\u00e9e":"1 minute"},"schema":{"@context":"https:\/\/schema.org","@graph":[{"@type":"WebPage","@id":"https:\/\/fredloc36.com\/index.php\/produit\/location-tonnelles-blanches-3x3m\/","url":"https:\/\/fredloc36.com\/index.php\/produit\/location-tonnelles-blanches-3x3m\/","name":"Tonnelles blanches 3x3 en location - Fred\u2019loc 36","isPartOf":{"@id":"https:\/\/fredloc36.com\/#website"},"primaryImageOfPage":{"@id":"https:\/\/fredloc36.com\/index.php\/produit\/location-tonnelles-blanches-3x3m\/#primaryimage"},"image":{"@id":"https:\/\/fredloc36.com\/index.php\/produit\/location-tonnelles-blanches-3x3m\/#primaryimage"},"thumbnailUrl":"https:\/\/fredloc36.com\/wp-content\/uploads\/2022\/10\/Tonnelle-3x3-.jpeg","datePublished":"2022-10-21T17:22:53+00:00","dateModified":"2025-01-28T13:11:19+00:00","description":"Location tonnelles blanches 3 x 3 m \u2013 9m2 - 4 x parois avec fermetures coulissantes - Hauteur de toit ajustable - Montage rapide et facile","breadcrumb":{"@id":"https:\/\/fredloc36.com\/index.php\/produit\/location-tonnelles-blanches-3x3m\/#breadcrumb"},"inLanguage":"fr-FR","potentialAction":[{"@type":"ReadAction","target":["https:\/\/fredloc36.com\/index.php\/produit\/location-tonnelles-blanches-3x3m\/"]}]},{"@type":"ImageObject","inLanguage":"fr-FR","@id":"https:\/\/fredloc36.com\/index.php\/produit\/location-tonnelles-blanches-3x3m\/#primaryimage","url":"https:\/\/fredloc36.com\/wp-content\/uploads\/2022\/10\/Tonnelle-3x3-.jpeg","contentUrl":"https:\/\/fredloc36.com\/wp-content\/uploads\/2022\/10\/Tonnelle-3x3-.jpeg","width":478,"height":479,"caption":"Tonnelles Blanches 3x3m \u2013 9m2"},{"@type":"BreadcrumbList","@id":"https:\/\/fredloc36.com\/index.php\/produit\/location-tonnelles-blanches-3x3m\/#breadcrumb","itemListElement":[{"@type":"ListItem","position":1,"name":"Accueil","item":"https:\/\/fredloc36.com\/"},{"@type":"ListItem","position":2,"name":"Produits","item":"https:\/\/fredloc36.com\/index.php\/shop\/"},{"@type":"ListItem","position":3,"name":"Tonnelles blanches 3&#215;3"}]},{"@type":"WebSite","@id":"https:\/\/fredloc36.com\/#website","url":"https:\/\/fredloc36.com\/","name":"Fred\u2019loc 36","description":"Location de materiel","publisher":{"@id":"https:\/\/fredloc36.com\/#organization"},"alternateName":"Fred'loc","potentialAction":[{"@type":"SearchAction","target":{"@type":"EntryPoint","urlTemplate":"https:\/\/fredloc36.com\/?s={search_term_string}"},"query-input":{"@type":"PropertyValueSpecification","valueRequired":true,"valueName":"search_term_string"}}],"inLanguage":"fr-FR"},{"@type":"Organization","@id":"https:\/\/fredloc36.com\/#organization","name":"Fred\u2019loc 36","alternateName":"Fredloc","url":"https:\/\/fredloc36.com\/","logo":{"@type":"ImageObject","inLanguage":"fr-FR","@id":"https:\/\/fredloc36.com\/#\/schema\/logo\/image\/","url":"https:\/\/fredloc36.com\/wp-content\/uploads\/2022\/10\/Logo.png","contentUrl":"https:\/\/fredloc36.com\/wp-content\/uploads\/2022\/10\/Logo.png","width":530,"height":530,"caption":"Fred\u2019loc 36"},"image":{"@id":"https:\/\/fredloc36.com\/#\/schema\/logo\/image\/"},"sameAs":["https:\/\/www.facebook.com\/fredamelie"]}]}},"_links":{"self":[{"href":"https:\/\/fredloc36.com\/index.php\/wp-json\/wp\/v2\/product\/147","targetHints":{"allow":["GET"]}}],"collection":[{"href":"https:\/\/fredloc36.com\/index.php\/wp-json\/wp\/v2\/product"}],"about":[{"href":"https:\/\/fredloc36.com\/index.php\/wp-json\/wp\/v2\/types\/product"}],"wp:featuredmedia":[{"embeddable":true,"href":"https:\/\/fredloc36.com\/index.php\/wp-json\/wp\/v2\/media\/10805"}],"wp:attachment":[{"href":"https:\/\/fredloc36.com\/index.php\/wp-json\/wp\/v2\/media?parent=147"}],"wp:term":[{"taxonomy":"product_brand","embeddable":true,"href":"https:\/\/fredloc36.com\/index.php\/wp-json\/wp\/v2\/product_brand?post=147"},{"taxonomy":"product_cat","embeddable":true,"href":"https:\/\/fredloc36.com\/index.php\/wp-json\/wp\/v2\/product_cat?post=147"},{"taxonomy":"product_tag","embeddable":true,"href":"https:\/\/fredloc36.com\/index.php\/wp-json\/wp\/v2\/product_tag?post=147"}],"curies":[{"name":"wp","href":"https:\/\/api.w.org\/{rel}","templated":true}]}}